{"id":35,"date":"2022-05-05T20:00:55","date_gmt":"2022-05-05T20:00:55","guid":{"rendered":"https:\/\/proludik.com\/quebec-fr\/equipements-alimentaires\/"},"modified":"2025-12-23T01:11:48","modified_gmt":"2025-12-23T01:11:48","slug":"equipements-alimentaires","status":"publish","type":"page","link":"https:\/\/proludik.com\/quebec-fr\/inventory\/equipements-alimentaires\/","title":{"rendered":"Machine \u00e0 Friandises"},"content":{"rendered":"<!-- Start Shortcoder content --><!-- Cart -->\r\n<div class=\"cartInfo\" style=\"display:none\">\r\n    <i class=\"cartIcon fas fa-shopping-cart\"><\/i><!--no linebreak bc elementor--> <span class=\"simpleCart_quantity\"><\/span> items\r\n<\/div>\r\n\r\n<div class=\"pageDateRangeWrapper elementor-widget-button\">\r\n    <div class=\"elementor-button elementor-animation-grow\" onclick=\"checkAvailDateClick()\" style=\"display:block\">\r\n        <div class=\"ioDateRangeHeader\">Fixer la date de l'\u00e9v\u00e9nement<\/div>\r\n        <div id=\"pageDateRange\" class=\"ioDateRange\"><\/div>\r\n    <\/div>\r\n<\/div>\r\n<div class=\"io_category_wrapper elementor-widget-heading\">\r\n    <h1 class=\"catNameIO elementor-heading-title elementor-size-default\">Machine \u00e0 Friandises<span class=\"io_forrent io_forrent_126061\"> for Rent<\/span><\/h1>\r\n<\/div>\r\n<div class=\"category_id\" style=\"display: none\">126061<\/div>\r\n<div class=\"cat_div_wrapper\"><div class=\"io_cat_description io_cat_description_126061 elementor-widget-text-editor catDescriptionIO\"><\/p>\n<p style=\"font-family: Tahoma, Geneva, sans-serif;\"><\/p>\n<p><\/div><\/div>\r\n<div class=\"io_catdiv2\"><\/div>\r\n<div class=\"io_landingpages io_landingpages_126061 elementor-widget-text-editor\"><!-- Start Shortcoder content --><!-- End Shortcoder content --><\/div>\r\n<div class=\"io_cat_longdescription io_cat_longdescription_126061 elementor-widget-text-editor\"><\/div>\r\n\r\n<script>\r\n    jQuery(document).ready(function(){\r\n        jQuery(\".rentNameIO\").each(function(){\r\n            if(jQuery(this).text().toLowerCase().indexOf(\"takeout\") !== -1 || jQuery(this).text().toLowerCase().indexOf(\"vente\") !== -1 || jQuery(this).text().toLowerCase().indexOf(\"fabrication\") !== -1){\r\n                jQuery(this).parent().parent().parent().hide();\r\n            }\r\n        });\r\n        if(\"Machine \u00e0 Friandises\".toLowerCase().indexOf(\"pour takeout\") >= 0){\r\n            setCookie(\"io_delivery_method\", \"Cueillette \/ Takeout\", 14);\r\n            jQuery(\".io_forrent\").hide();\r\n        }else if(\"Machine \u00e0 Friandises\".toLowerCase().indexOf(\"vente\") >= 0){\r\n            \/* Use shopify link *\/\r\n            setCookie(\"io_delivery_method\", \"Vente \/ Sales\", 14);\r\n            jQuery(\".io_forrent\").hide();\r\n            setTimeout(function() {\r\n                jQuery(\"#ioDeliveryMethodContainer\").hide();\r\n                jQuery(\"#ioLocationConfirmContainer\").hide();\r\n                jQuery(\".pageDateRangeWrapper\").hide();\r\n                jQuery(\"#cartData\").hide();\r\n                jQuery(\".cartSubtotalBox\").hide();\r\n                jQuery(\"<style>#cartCheckoutButton .elementor-widget-button a:nth-child(2){display:none !important;}<\/style>\").appendTo( \"head\" );\r\n            },100);\r\n        }else{\r\n            \/* Service *\/\r\n            setCookie(\"io_delivery_method\", \"Avec services \/ Staffed\", 14);\r\n            setTimeout(function() {\r\n                jQuery(\"#ioDeliveryMethodContainer\").hide();\r\n                jQuery(\"#ioLocationConfirmContainer\").hide();\r\n                jQuery(\"#cartData\").hide();\r\n                jQuery(\".cartSubtotalBox\").hide();\r\n                jQuery(\"<style>#cartCheckoutButton .elementor-widget-button a:nth-child(2){display:none !important;}<\/style>\").appendTo( \"head\" );\r\n            },100);\r\n        }\r\n    });\r\n<\/script><!-- End Shortcoder content -->\n<!-- Start Shortcoder content --><script>window.io_category_data = window.io_category_data || {}; window.io_category_data['1499753'] = {\"indoor_outdoor\":\"\",\"staff\":\"\",\"electric\":\"1.00\",\"dimensions\":\"\",\"rental_id\":\"1499753\",\"rental_name\":\"Machine Barbe \\u00e0 papa\",\"images_arr\":\"{\\u00220\\u0022:{\\u0022rentalimage_id\\u0022:\\u00221137581\\u0022,\\u0022rentalimage_createtime\\u0022:null,\\u0022rentalimage_modifiedtime\\u0022:null,\\u0022rentalimage_itemid\\u0022:\\u00221499753\\u0022,\\u0022rentalimage_order\\u0022:\\u00220\\u0022,\\u0022rentalimage_imageloc\\u0022:\\u0022https:\\\/\\\/rental.software\\\/users\\\/isabelle@proludik\\\/images\\\/Barbe a papa - 1_1690304721.JPG\\u0022,\\u0022rentalimage_imagelocbig\\u0022:\\u0022https:\\\/\\\/rental.software\\\/users\\\/isabelle@proludik\\\/images\\\/Barbe a papa - 1_1690304721_big.JPG\\u0022}}\"};<\/script><a href=\"https:\/\/proludik.com\/quebec-fr\/inventory\/equipements-alimentaires\/machine-barbe-a-papa\/\">\r\n    <div class=\"io_item2_list elementor-widget-heading simpleCart_ioShelfItem\" name=\"maindiv_Machine Barbe \u00e0 papa\">\r\n        <div class=\"cat_div\">\r\n            <div class=\"btn btn-primary view-product-button\">View Product<\/div>\r\n            <img decoding=\"async\" class=\"cat_img item_image\" src=\"https:\/\/rental.software\/users\/isabelle@proludik\/images\/Barbe a papa - 1_1690304721.JPG\" alt=\"Machine \u00e0 barbe \u00e0 papa professionnelle pour \u00e9v\u00e9nements festifs\" title=\"Machine Barbe \u00e0 papa\" \/>\r\n        <\/div>\r\n        <div class=\"io_item2_list_inner\">\r\n            <p class=\"elementor-heading-title rentNameIO item_name\">Machine Barbe \u00e0 papa<\/p>\r\n            <p class=\"item_encoded\" style=\"display:none;\">Machine+Barbe+%C3%A0+papa<\/p>\r\n            <span class=\"item_href\" style=\"display:none;\">https:\/\/proludik.com\/quebec-fr\/inventory\/equipements-alimentaires\/machine-barbe-a-papa\/<\/span>\r\n            <p class=\"item_rentalid\" style=\"display:none;\">1499753<\/p>\r\n            <span class=\"item_qtyincrement\" style=\"display:none;\">1<\/span>\r\n            <div class=\"item_timeslots\" style=\"display:none;\"><\/div>\r\n\r\n            <div class=\"elementor-widget-button add_cart_1499753\" style=\"display:inline-block;\">\r\n                <a class=\"elementor-button elementor-size-sm elementor-animation-grow io_button rentNameIO_button\"\r\n                    href=\"https:\/\/proludik.com\/quebec-fr\/inventory\/equipements-alimentaires\/machine-barbe-a-papa\/\"><!--no linebreak bc elementor--><span>Tarifs et informations<\/span><\/a>\r\n            <\/div>\r\n            <div class=\"unavailable_message unavailable_message_1499753\"  onclick=\"checkAvailDateClick()\">article indisponible (modifier la date)<\/div>\r\n            <\/div>\r\n    <\/div>\r\n    <script>\r\n        jQuery(document).ready(function () {\r\n            jQuery(\".rentNameIO_pricespan\").each(function () {\r\n                if( !Number( this.textContent.replace(\/[^0-9.-]+\/g,\"\") ) ){\r\n                    jQuery(this.parentElement).hide();\r\n                }\r\n            });\r\n        });\r\n    <\/script>\r\n<\/a><!-- End Shortcoder content -->\n<!-- Start Shortcoder content --><script>window.io_category_data = window.io_category_data || {}; window.io_category_data['1499755'] = {\"indoor_outdoor\":\"\",\"staff\":\"\",\"electric\":\"1.00\",\"dimensions\":\"24\\u0027\\u0027x25\\u0027\\u0027x41\\u0027\\u0027\",\"rental_id\":\"1499755\",\"rental_name\":\"Machine Pop-corn\",\"images_arr\":\"{\\u00220\\u0022:{\\u0022rentalimage_id\\u0022:\\u0022906515\\u0022,\\u0022rentalimage_createtime\\u0022:null,\\u0022rentalimage_modifiedtime\\u0022:null,\\u0022rentalimage_itemid\\u0022:\\u00221499755\\u0022,\\u0022rentalimage_order\\u0022:\\u00220\\u0022,\\u0022rentalimage_imageloc\\u0022:\\u0022https:\\\/\\\/rental.software\\\/users\\\/isabelle@proludik\\\/images\\\/machine pop-corn_1674746975.png\\u0022,\\u0022rentalimage_imagelocbig\\u0022:\\u0022https:\\\/\\\/rental.software\\\/users\\\/isabelle@proludik\\\/images\\\/machine pop-corn_1674746975_big.png\\u0022}}\"};<\/script><a href=\"https:\/\/proludik.com\/quebec-fr\/inventory\/equipements-alimentaires\/popcorn-machine\/\">\r\n    <div class=\"io_item2_list elementor-widget-heading simpleCart_ioShelfItem\" name=\"maindiv_Machine Pop-corn\">\r\n        <div class=\"cat_div\">\r\n            <div class=\"btn btn-primary view-product-button\">View Product<\/div>\r\n            <img decoding=\"async\" class=\"cat_img item_image\" src=\"https:\/\/rental.software\/users\/isabelle@proludik\/images\/machine pop-corn_1674746975.png\" alt=\"Machine \u00e0 pop-corn commerciale remplie de ma\u00efs souffl\u00e9 et contenants rouges\" title=\"Machine Pop-corn\" \/>\r\n        <\/div>\r\n        <div class=\"io_item2_list_inner\">\r\n            <p class=\"elementor-heading-title rentNameIO item_name\">Machine Pop-corn<\/p>\r\n            <p class=\"item_encoded\" style=\"display:none;\">Machine+Pop-corn<\/p>\r\n            <span class=\"item_href\" style=\"display:none;\">https:\/\/proludik.com\/quebec-fr\/inventory\/equipements-alimentaires\/popcorn-machine\/<\/span>\r\n            <p class=\"item_rentalid\" style=\"display:none;\">1499755<\/p>\r\n            <span class=\"item_qtyincrement\" style=\"display:none;\">1<\/span>\r\n            <div class=\"item_timeslots\" style=\"display:none;\"><\/div>\r\n\r\n            <div class=\"elementor-widget-button add_cart_1499755\" style=\"display:inline-block;\">\r\n                <a class=\"elementor-button elementor-size-sm elementor-animation-grow io_button rentNameIO_button\"\r\n                    href=\"https:\/\/proludik.com\/quebec-fr\/inventory\/equipements-alimentaires\/popcorn-machine\/\"><!--no linebreak bc elementor--><span>Tarifs et informations<\/span><\/a>\r\n            <\/div>\r\n            <div class=\"unavailable_message unavailable_message_1499755\"  onclick=\"checkAvailDateClick()\">article indisponible (modifier la date)<\/div>\r\n            <\/div>\r\n    <\/div>\r\n    <script>\r\n        jQuery(document).ready(function () {\r\n            jQuery(\".rentNameIO_pricespan\").each(function () {\r\n                if( !Number( this.textContent.replace(\/[^0-9.-]+\/g,\"\") ) ){\r\n                    jQuery(this.parentElement).hide();\r\n                }\r\n            });\r\n        });\r\n    <\/script>\r\n<\/a><!-- End Shortcoder content -->\n<!-- Start Shortcoder content --><script>window.io_category_data = window.io_category_data || {}; window.io_category_data['1499757'] = {\"indoor_outdoor\":\"\",\"staff\":\"\",\"electric\":\"1.00\",\"dimensions\":\"\",\"rental_id\":\"1499757\",\"rental_name\":\"Machine Sno-kones\",\"images_arr\":\"{\\u00220\\u0022:{\\u0022rentalimage_id\\u0022:\\u0022962175\\u0022,\\u0022rentalimage_createtime\\u0022:null,\\u0022rentalimage_modifiedtime\\u0022:null,\\u0022rentalimage_itemid\\u0022:\\u00221499757\\u0022,\\u0022rentalimage_order\\u0022:\\u00220\\u0022,\\u0022rentalimage_imageloc\\u0022:\\u0022https:\\\/\\\/rental.software\\\/users\\\/isabelle@proludik\\\/images\\\/Sno-kone-Machine_1678308415.jpg\\u0022,\\u0022rentalimage_imagelocbig\\u0022:\\u0022https:\\\/\\\/rental.software\\\/users\\\/isabelle@proludik\\\/images\\\/Sno-kone-Machine_1678308415_big.jpg\\u0022}}\"};<\/script><a href=\"https:\/\/proludik.com\/quebec-fr\/inventory\/equipements-alimentaires\/machine-sno-kones\/\">\r\n    <div class=\"io_item2_list elementor-widget-heading simpleCart_ioShelfItem\" name=\"maindiv_Machine Sno-kones\">\r\n        <div class=\"cat_div\">\r\n            <div class=\"btn btn-primary view-product-button\">View Product<\/div>\r\n            <img decoding=\"async\" class=\"cat_img item_image\" src=\"https:\/\/rental.software\/users\/isabelle@proludik\/images\/Sno-kone-Machine_1678308415.jpg\" alt=\"Machine \u00e0 sno-kones remplie de glace avec distributeur de verres \u00e0 droite\" title=\"Machine Sno-kones\" \/>\r\n        <\/div>\r\n        <div class=\"io_item2_list_inner\">\r\n            <p class=\"elementor-heading-title rentNameIO item_name\">Machine Sno-kones<\/p>\r\n            <p class=\"item_encoded\" style=\"display:none;\">Machine+Sno-kones<\/p>\r\n            <span class=\"item_href\" style=\"display:none;\">https:\/\/proludik.com\/quebec-fr\/inventory\/equipements-alimentaires\/machine-sno-kones\/<\/span>\r\n            <p class=\"item_rentalid\" style=\"display:none;\">1499757<\/p>\r\n            <span class=\"item_qtyincrement\" style=\"display:none;\">1<\/span>\r\n            <div class=\"item_timeslots\" style=\"display:none;\"><\/div>\r\n\r\n            <div class=\"elementor-widget-button add_cart_1499757\" style=\"display:inline-block;\">\r\n                <a class=\"elementor-button elementor-size-sm elementor-animation-grow io_button rentNameIO_button\"\r\n                    href=\"https:\/\/proludik.com\/quebec-fr\/inventory\/equipements-alimentaires\/machine-sno-kones\/\"><!--no linebreak bc elementor--><span>Tarifs et informations<\/span><\/a>\r\n            <\/div>\r\n            <div class=\"unavailable_message unavailable_message_1499757\"  onclick=\"checkAvailDateClick()\">article indisponible (modifier la date)<\/div>\r\n            <\/div>\r\n    <\/div>\r\n    <script>\r\n        jQuery(document).ready(function () {\r\n            jQuery(\".rentNameIO_pricespan\").each(function () {\r\n                if( !Number( this.textContent.replace(\/[^0-9.-]+\/g,\"\") ) ){\r\n                    jQuery(this.parentElement).hide();\r\n                }\r\n            });\r\n        });\r\n    <\/script>\r\n<\/a><!-- End Shortcoder content -->\n","protected":false},"excerpt":{"rendered":"","protected":false},"author":1,"featured_media":48477,"parent":45,"menu_order":0,"comment_status":"closed","ping_status":"closed","template":"","meta":{"ngg_post_thumbnail":0,"io_meta_description":"","footnotes":""},"class_list":["post-35","page","type-page","status-publish","has-post-thumbnail","hentry"],"_links":{"self":[{"href":"https:\/\/proludik.com\/quebec-fr\/wp-json\/wp\/v2\/pages\/35","targetHints":{"allow":["GET"]}}],"collection":[{"href":"https:\/\/proludik.com\/quebec-fr\/wp-json\/wp\/v2\/pages"}],"about":[{"href":"https:\/\/proludik.com\/quebec-fr\/wp-json\/wp\/v2\/types\/page"}],"author":[{"embeddable":true,"href":"https:\/\/proludik.com\/quebec-fr\/wp-json\/wp\/v2\/users\/1"}],"replies":[{"embeddable":true,"href":"https:\/\/proludik.com\/quebec-fr\/wp-json\/wp\/v2\/comments?post=35"}],"version-history":[{"count":66,"href":"https:\/\/proludik.com\/quebec-fr\/wp-json\/wp\/v2\/pages\/35\/revisions"}],"predecessor-version":[{"id":65881,"href":"https:\/\/proludik.com\/quebec-fr\/wp-json\/wp\/v2\/pages\/35\/revisions\/65881"}],"up":[{"embeddable":true,"href":"https:\/\/proludik.com\/quebec-fr\/wp-json\/wp\/v2\/pages\/45"}],"wp:featuredmedia":[{"embeddable":true,"href":"https:\/\/proludik.com\/quebec-fr\/wp-json\/wp\/v2\/media\/48477"}],"wp:attachment":[{"href":"https:\/\/proludik.com\/quebec-fr\/wp-json\/wp\/v2\/media?parent=35"}],"curies":[{"name":"wp","href":"https:\/\/api.w.org\/{rel}","templated":true}]}}