{"id":430,"date":"2022-03-31T16:38:24","date_gmt":"2022-03-31T16:38:24","guid":{"rendered":"https:\/\/proludik.com\/quebec-en\/?page_id=268"},"modified":"2024-10-22T12:23:18","modified_gmt":"2024-10-22T12:23:18","slug":"careers","status":"publish","type":"page","link":"https:\/\/proludik.com\/montreal-fr\/careers\/","title":{"rendered":"Careers"},"content":{"rendered":"\t\t<div data-elementor-type=\"wp-page\" data-elementor-id=\"430\" class=\"elementor elementor-430\" data-elementor-post-type=\"page\">\n\t\t\t\t\t\t<section class=\"elementor-section elementor-top-section elementor-element elementor-element-be64617 elementor-section-boxed elementor-section-height-default elementor-section-height-default\" data-id=\"be64617\" data-element_type=\"section\" data-e-type=\"section\">\n\t\t\t\t\t\t<div class=\"elementor-container elementor-column-gap-default\">\n\t\t\t\t\t<div class=\"elementor-column elementor-col-100 elementor-top-column elementor-element elementor-element-0ab013b\" data-id=\"0ab013b\" data-element_type=\"column\" data-e-type=\"column\">\n\t\t\t<div class=\"elementor-widget-wrap elementor-element-populated\">\n\t\t\t\t\t\t<div class=\"elementor-element elementor-element-7f27839 elementor-widget elementor-widget-heading\" data-id=\"7f27839\" data-element_type=\"widget\" data-e-type=\"widget\" data-widget_type=\"heading.default\">\n\t\t\t\t<div class=\"elementor-widget-container\">\n\t\t\t\t\t<h2 class=\"elementor-heading-title elementor-size-default\">Viens <b>travailler<\/b> avec nous ! Emplois \u00e0 Qu\u00e9bec et St-Bruno\n<\/h2>\t\t\t\t<\/div>\n\t\t\t\t<\/div>\n\t\t\t\t<section class=\"elementor-section elementor-inner-section elementor-element elementor-element-464d5c6 elementor-section-boxed elementor-section-height-default elementor-section-height-default\" data-id=\"464d5c6\" data-element_type=\"section\" data-e-type=\"section\">\n\t\t\t\t\t\t<div class=\"elementor-container elementor-column-gap-default\">\n\t\t\t\t\t<div class=\"elementor-column elementor-col-50 elementor-inner-column elementor-element elementor-element-42622a1\" data-id=\"42622a1\" data-element_type=\"column\" data-e-type=\"column\" data-settings=\"{&quot;background_background&quot;:&quot;slideshow&quot;,&quot;background_slideshow_gallery&quot;:[{&quot;id&quot;:13876,&quot;url&quot;:&quot;https:\\\/\\\/proludik.com\\\/montreal-fr\\\/wp-content\\\/uploads\\\/sites\\\/4\\\/2023\\\/12\\\/original-F87D228D-2575-41FC-8CBF-166049CF675B.jpeg&quot;},{&quot;id&quot;:13874,&quot;url&quot;:&quot;https:\\\/\\\/proludik.com\\\/montreal-fr\\\/wp-content\\\/uploads\\\/sites\\\/4\\\/2023\\\/12\\\/original-6403B352-BDBE-4B2C-A581-787359BB45A0.jpeg&quot;},{&quot;id&quot;:13873,&quot;url&quot;:&quot;https:\\\/\\\/proludik.com\\\/montreal-fr\\\/wp-content\\\/uploads\\\/sites\\\/4\\\/2023\\\/12\\\/original-910C3920-6348-496F-BC92-34B16826B656.jpeg&quot;},{&quot;id&quot;:13875,&quot;url&quot;:&quot;https:\\\/\\\/proludik.com\\\/montreal-fr\\\/wp-content\\\/uploads\\\/sites\\\/4\\\/2023\\\/12\\\/original-C0BD452D-E2A6-4BA5-980F-C984D835ACFB.jpeg&quot;}],&quot;background_slideshow_loop&quot;:&quot;yes&quot;,&quot;background_slideshow_slide_duration&quot;:5000,&quot;background_slideshow_slide_transition&quot;:&quot;fade&quot;,&quot;background_slideshow_transition_duration&quot;:500}\">\n\t\t\t<div class=\"elementor-widget-wrap elementor-element-populated\">\n\t\t\t\t\t\t<div class=\"elementor-element elementor-element-275a84f elementor-widget elementor-widget-spacer\" data-id=\"275a84f\" data-element_type=\"widget\" data-e-type=\"widget\" data-widget_type=\"spacer.default\">\n\t\t\t\t<div class=\"elementor-widget-container\">\n\t\t\t\t\t\t\t<div class=\"elementor-spacer\">\n\t\t\t<div class=\"elementor-spacer-inner\"><\/div>\n\t\t<\/div>\n\t\t\t\t\t\t<\/div>\n\t\t\t\t<\/div>\n\t\t\t\t\t<\/div>\n\t\t<\/div>\n\t\t\t\t<div class=\"elementor-column elementor-col-50 elementor-inner-column elementor-element elementor-element-b8e8db7\" data-id=\"b8e8db7\" data-element_type=\"column\" data-e-type=\"column\">\n\t\t\t<div class=\"elementor-widget-wrap elementor-element-populated\">\n\t\t\t\t\t\t<div class=\"elementor-element elementor-element-e0cd111 elementor-widget elementor-widget-text-editor\" data-id=\"e0cd111\" data-element_type=\"widget\" data-e-type=\"widget\" data-widget_type=\"text-editor.default\">\n\t\t\t\t<div class=\"elementor-widget-container\">\n\t\t\t\t\t\t\t\t\t<div class=\"fusion-text fusion-text-1\">\n<div class=\"fusion-text fusion-text-1\">\n<p>Proludik, chef de file du divertissement au Qu\u00e9bec, recherche des candidats et candidates responsables, d\u00e9brouillards et autonomes pour l\u2019installation, le d\u00e9montage, l\u2019entretien et \u00e0 l\u2019occasion la supervision de jeux gonflables.&nbsp;<strong>Un emploi \u00e9tudiant qui te permet de faire le tour de plusieurs r\u00e9gions, travailler \u00e0 l\u2019ext\u00e9rieur et vivre une exp\u00e9rience ludique enrichissante !<\/strong><\/p>\n<h2 class=\"\" data-fontsize=\"18\" data-lineheight=\"27px\">Profil recherch\u00e9 :<\/h2>\n<ul>\n<li>tu es dynamique et enjou\u00e9<\/li>\n<li>tu aimes travailler avec les enfants<\/li>\n<li>tu es autonome et d\u00e9brouillard<\/li>\n<li>tu es vigilant et responsable<\/li>\n<li>tu r\u00e9agis avec calme et professionnalisme face aux probl\u00e8mes<\/li>\n<li>tu es fiable et ponctuel<\/li>\n<\/ul>\n<p>Nous avons un poste pour toi adapt\u00e9 \u00e0 tes envies, tes comp\u00e9tences et tes disponibilit\u00e9s! Envoie-nous ta candidature d\u00e8s maintenant pour un emploi \u00e9tudiant qui te fera tripper !<\/p>\n<\/div>\n<div class=\"fusion-text fusion-text-2\">\n<h2 class=\"\" data-fontsize=\"18\" data-lineheight=\"27px\">Nous offrons plusieurs avantages:<\/h2>\n<ul>\n<li>Salaire avantageux (18.50$ \/ h d\u00e8s le d\u00e9but pour nos chauffeurs)<\/li>\n<li>Horaires flexibles<\/li>\n<li>Travail d\u2019\u00e9quipe autonome<\/li>\n<li>Exp\u00e9rience unique et enrichissante<\/li>\n<\/ul>\n<\/div>\n<\/div>\t\t\t\t\t\t\t\t<\/div>\n\t\t\t\t<\/div>\n\t\t\t\t\t<\/div>\n\t\t<\/div>\n\t\t\t\t\t<\/div>\n\t\t<\/section>\n\t\t\t\t<div class=\"elementor-element elementor-element-b7c3c13 elementor-widget elementor-widget-heading\" data-id=\"b7c3c13\" data-element_type=\"widget\" data-e-type=\"widget\" data-widget_type=\"heading.default\">\n\t\t\t\t<div class=\"elementor-widget-container\">\n\t\t\t\t\t<h2 class=\"elementor-heading-title elementor-size-default\">Fais comme eux, envoie ta <B>CANDIDATURE<\/B> maintenant!\n<\/h2>\t\t\t\t<\/div>\n\t\t\t\t<\/div>\n\t\t\t\t<div class=\"elementor-element elementor-element-63905b9 elementor-button-align-stretch elementor-widget elementor-widget-form\" data-id=\"63905b9\" data-element_type=\"widget\" data-e-type=\"widget\" data-settings=\"{&quot;step_next_label&quot;:&quot;Next&quot;,&quot;step_previous_label&quot;:&quot;Previous&quot;,&quot;button_width&quot;:&quot;100&quot;,&quot;step_type&quot;:&quot;number_text&quot;,&quot;step_icon_shape&quot;:&quot;circle&quot;}\" data-widget_type=\"form.default\">\n\t\t\t\t<div class=\"elementor-widget-container\">\n\t\t\t\t\t\t\t<form class=\"elementor-form\" method=\"post\" name=\"Employment\" aria-label=\"Employment\">\n\t\t\t<input type=\"hidden\" name=\"post_id\" value=\"430\"\/>\n\t\t\t<input type=\"hidden\" name=\"form_id\" value=\"63905b9\"\/>\n\t\t\t<input type=\"hidden\" name=\"referer_title\" value=\"Careers - Proludik Montreal FR\" \/>\n\n\t\t\t\t\t\t\t<input type=\"hidden\" name=\"queried_id\" value=\"430\"\/>\n\t\t\t\n\t\t\t<div class=\"elementor-form-fields-wrapper elementor-labels-above\">\n\t\t\t\t\t\t\t\t<div class=\"elementor-field-type-text elementor-field-group elementor-column elementor-field-group-name elementor-col-50\">\n\t\t\t\t\t\t\t\t\t\t\t\t<label for=\"form-field-name\" class=\"elementor-field-label\">\n\t\t\t\t\t\t\t\tPr\u00e9nom\t\t\t\t\t\t\t<\/label>\n\t\t\t\t\t\t\t\t\t\t\t\t\t\t<input size=\"1\" type=\"text\" name=\"form_fields[name]\" id=\"form-field-name\" class=\"elementor-field elementor-size-sm  elementor-field-textual\">\n\t\t\t\t\t\t\t\t\t\t\t<\/div>\n\t\t\t\t\t\t\t\t<div class=\"elementor-field-type-text elementor-field-group elementor-column elementor-field-group-field_0d837a8 elementor-col-50\">\n\t\t\t\t\t\t\t\t\t\t\t\t<label for=\"form-field-field_0d837a8\" class=\"elementor-field-label\">\n\t\t\t\t\t\t\t\tNom\t\t\t\t\t\t\t<\/label>\n\t\t\t\t\t\t\t\t\t\t\t\t\t\t<input size=\"1\" type=\"text\" name=\"form_fields[field_0d837a8]\" id=\"form-field-field_0d837a8\" class=\"elementor-field elementor-size-sm  elementor-field-textual\">\n\t\t\t\t\t\t\t\t\t\t\t<\/div>\n\t\t\t\t\t\t\t\t<div class=\"elementor-field-type-text elementor-field-group elementor-column elementor-field-group-field_5203195 elementor-col-100\">\n\t\t\t\t\t\t\t\t\t\t\t\t<label for=\"form-field-field_5203195\" class=\"elementor-field-label\">\n\t\t\t\t\t\t\t\tAdresse\t\t\t\t\t\t\t<\/label>\n\t\t\t\t\t\t\t\t\t\t\t\t\t\t<input size=\"1\" type=\"text\" name=\"form_fields[field_5203195]\" id=\"form-field-field_5203195\" class=\"elementor-field elementor-size-sm  elementor-field-textual\">\n\t\t\t\t\t\t\t\t\t\t\t<\/div>\n\t\t\t\t\t\t\t\t<div class=\"elementor-field-type-text elementor-field-group elementor-column elementor-field-group-field_d3fd582 elementor-col-50\">\n\t\t\t\t\t\t\t\t\t\t\t\t<label for=\"form-field-field_d3fd582\" class=\"elementor-field-label\">\n\t\t\t\t\t\t\t\tAdresse ligne 2\t\t\t\t\t\t\t<\/label>\n\t\t\t\t\t\t\t\t\t\t\t\t\t\t<input size=\"1\" type=\"text\" name=\"form_fields[field_d3fd582]\" id=\"form-field-field_d3fd582\" class=\"elementor-field elementor-size-sm  elementor-field-textual\">\n\t\t\t\t\t\t\t\t\t\t\t<\/div>\n\t\t\t\t\t\t\t\t<div class=\"elementor-field-type-text elementor-field-group elementor-column elementor-field-group-field_6645f84 elementor-col-50\">\n\t\t\t\t\t\t\t\t\t\t\t\t<label for=\"form-field-field_6645f84\" class=\"elementor-field-label\">\n\t\t\t\t\t\t\t\tVille\t\t\t\t\t\t\t<\/label>\n\t\t\t\t\t\t\t\t\t\t\t\t\t\t<input size=\"1\" type=\"text\" name=\"form_fields[field_6645f84]\" id=\"form-field-field_6645f84\" class=\"elementor-field elementor-size-sm  elementor-field-textual\">\n\t\t\t\t\t\t\t\t\t\t\t<\/div>\n\t\t\t\t\t\t\t\t<div class=\"elementor-field-type-text elementor-field-group elementor-column elementor-field-group-field_6c05e1d elementor-col-50\">\n\t\t\t\t\t\t\t\t\t\t\t\t<label for=\"form-field-field_6c05e1d\" class=\"elementor-field-label\">\n\t\t\t\t\t\t\t\t\u00c9tat \/ Province \/ R\u00e9gion\t\t\t\t\t\t\t<\/label>\n\t\t\t\t\t\t\t\t\t\t\t\t\t\t<input size=\"1\" type=\"text\" name=\"form_fields[field_6c05e1d]\" id=\"form-field-field_6c05e1d\" class=\"elementor-field elementor-size-sm  elementor-field-textual\">\n\t\t\t\t\t\t\t\t\t\t\t<\/div>\n\t\t\t\t\t\t\t\t<div class=\"elementor-field-type-text elementor-field-group elementor-column elementor-field-group-field_2ed4c12 elementor-col-50\">\n\t\t\t\t\t\t\t\t\t\t\t\t<label for=\"form-field-field_2ed4c12\" class=\"elementor-field-label\">\n\t\t\t\t\t\t\t\tZIP \/ Code postal\t\t\t\t\t\t\t<\/label>\n\t\t\t\t\t\t\t\t\t\t\t\t\t\t<input size=\"1\" type=\"text\" name=\"form_fields[field_2ed4c12]\" id=\"form-field-field_2ed4c12\" class=\"elementor-field elementor-size-sm  elementor-field-textual\">\n\t\t\t\t\t\t\t\t\t\t\t<\/div>\n\t\t\t\t\t\t\t\t<div class=\"elementor-field-type-email elementor-field-group elementor-column elementor-field-group-email elementor-col-50 elementor-field-required\">\n\t\t\t\t\t\t\t\t\t\t\t\t<label for=\"form-field-email\" class=\"elementor-field-label\">\n\t\t\t\t\t\t\t\tCourriel\t\t\t\t\t\t\t<\/label>\n\t\t\t\t\t\t\t\t\t\t\t\t\t\t<input size=\"1\" type=\"email\" name=\"form_fields[email]\" id=\"form-field-email\" class=\"elementor-field elementor-size-sm  elementor-field-textual\" required=\"required\">\n\t\t\t\t\t\t\t\t\t\t\t<\/div>\n\t\t\t\t\t\t\t\t<div class=\"elementor-field-type-tel elementor-field-group elementor-column elementor-field-group-field_6b2c324 elementor-col-50 elementor-field-required\">\n\t\t\t\t\t\t\t\t\t\t\t\t<label for=\"form-field-field_6b2c324\" class=\"elementor-field-label\">\n\t\t\t\t\t\t\t\tT\u00e9l\u00e9phone\t\t\t\t\t\t\t<\/label>\n\t\t\t\t\t\t\t\t<input size=\"1\" type=\"tel\" name=\"form_fields[field_6b2c324]\" id=\"form-field-field_6b2c324\" class=\"elementor-field elementor-size-sm  elementor-field-textual\" required=\"required\" pattern=\"[0-9()#&amp;+*-=.]+\" title=\"Only numbers and phone characters (#, -, *, etc) are accepted.\">\n\n\t\t\t\t\t\t<\/div>\n\t\t\t\t\t\t\t\t<div class=\"elementor-field-type-select elementor-field-group elementor-column elementor-field-group-field_21acf45 elementor-col-33 elementor-field-required\">\n\t\t\t\t\t\t\t\t\t\t\t\t<label for=\"form-field-field_21acf45\" class=\"elementor-field-label\">\n\t\t\t\t\t\t\t\tJe recherche un poste \u00e0\t\t\t\t\t\t\t<\/label>\n\t\t\t\t\t\t\t\t<div class=\"elementor-field elementor-select-wrapper remove-before \">\n\t\t\t<div class=\"select-caret-down-wrapper\">\n\t\t\t\t<i aria-hidden=\"true\" class=\"eicon-caret-down\"><\/i>\t\t\t<\/div>\n\t\t\t<select name=\"form_fields[field_21acf45]\" id=\"form-field-field_21acf45\" class=\"elementor-field-textual elementor-size-sm\" required=\"required\">\n\t\t\t\t\t\t\t\t\t<option value=\"Temps plein \u00e0 l&#039;ann\u00e9e\">Temps plein \u00e0 l&#039;ann\u00e9e<\/option>\n\t\t\t\t\t\t\t\t\t<option value=\"Temps plein pour l&#039;\u00e9t\u00e9\">Temps plein pour l&#039;\u00e9t\u00e9<\/option>\n\t\t\t\t\t\t\t\t\t<option value=\"Temps partiel\">Temps partiel<\/option>\n\t\t\t\t\t\t\t\t\t<option value=\"Temps partiel \u00e9tudiant\">Temps partiel \u00e9tudiant<\/option>\n\t\t\t\t\t\t\t<\/select>\n\t\t<\/div>\n\t\t\t\t\t\t<\/div>\n\t\t\t\t\t\t\t\t<div class=\"elementor-field-type-select elementor-field-group elementor-column elementor-field-group-field_bb4a7fe elementor-col-33 elementor-field-required\">\n\t\t\t\t\t\t\t\t\t\t\t\t<label for=\"form-field-field_bb4a7fe\" class=\"elementor-field-label\">\n\t\t\t\t\t\t\t\tJe suis int\u00e9ress\u00e9(e) par un poste de\t\t\t\t\t\t\t<\/label>\n\t\t\t\t\t\t\t\t<div class=\"elementor-field elementor-select-wrapper remove-before \">\n\t\t\t<div class=\"select-caret-down-wrapper\">\n\t\t\t\t<i aria-hidden=\"true\" class=\"eicon-caret-down\"><\/i>\t\t\t<\/div>\n\t\t\t<select name=\"form_fields[field_bb4a7fe]\" id=\"form-field-field_bb4a7fe\" class=\"elementor-field-textual elementor-size-sm\" required=\"required\">\n\t\t\t\t\t\t\t\t\t<option value=\"Op\u00e9rateur de jeux gonflables\">Op\u00e9rateur de jeux gonflables<\/option>\n\t\t\t\t\t\t\t\t\t<option value=\"Superviseur \/ Chauffeur\">Superviseur \/ Chauffeur<\/option>\n\t\t\t\t\t\t\t\t\t<option value=\"Commis d&#039;entrepr\u00f4t\">Commis d&#039;entrepr\u00f4t<\/option>\n\t\t\t\t\t\t\t<\/select>\n\t\t<\/div>\n\t\t\t\t\t\t<\/div>\n\t\t\t\t\t\t\t\t<div class=\"elementor-field-type-select elementor-field-group elementor-column elementor-field-group-field_c499d4b elementor-col-33 elementor-field-required\">\n\t\t\t\t\t\t\t\t\t\t\t\t<label for=\"form-field-field_c499d4b\" class=\"elementor-field-label\">\n\t\t\t\t\t\t\t\tJ'ai mon permis de conduire\t\t\t\t\t\t\t<\/label>\n\t\t\t\t\t\t\t\t<div class=\"elementor-field elementor-select-wrapper remove-before \">\n\t\t\t<div class=\"select-caret-down-wrapper\">\n\t\t\t\t<i aria-hidden=\"true\" class=\"eicon-caret-down\"><\/i>\t\t\t<\/div>\n\t\t\t<select name=\"form_fields[field_c499d4b]\" id=\"form-field-field_c499d4b\" class=\"elementor-field-textual elementor-size-sm\" required=\"required\">\n\t\t\t\t\t\t\t\t\t<option value=\"oui\">oui<\/option>\n\t\t\t\t\t\t\t\t\t<option value=\"non\">non<\/option>\n\t\t\t\t\t\t\t<\/select>\n\t\t<\/div>\n\t\t\t\t\t\t<\/div>\n\t\t\t\t\t\t\t\t<div class=\"elementor-field-type-textarea elementor-field-group elementor-column elementor-field-group-message elementor-col-100\">\n\t\t\t\t\t\t\t\t\t\t\t\t<label for=\"form-field-message\" class=\"elementor-field-label\">\n\t\t\t\t\t\t\t\tCommentaires\t\t\t\t\t\t\t<\/label>\n\t\t\t\t\t\t<textarea class=\"elementor-field-textual elementor-field  elementor-size-sm\" name=\"form_fields[message]\" id=\"form-field-message\" rows=\"4\"><\/textarea>\t\t\t\t<\/div>\n\t\t\t\t\t\t\t\t<div class=\"elementor-field-type-upload elementor-field-group elementor-column elementor-field-group-field_f02d011 elementor-col-100 elementor-field-required\">\n\t\t\t\t\t\t\t\t\t\t\t\t<label for=\"form-field-field_f02d011\" class=\"elementor-field-label\">\n\t\t\t\t\t\t\t\tVous pouvez joindre votre curriculum-vitae et une lettre de motivation avec votre candidature\t\t\t\t\t\t\t<\/label>\n\t\t\t\t\t\t\t\t<input type=\"file\" name=\"form_fields[field_f02d011]\" id=\"form-field-field_f02d011\" class=\"elementor-field elementor-size-sm  elementor-upload-field\" required=\"required\">\n\n\t\t\t\t\t\t<\/div>\n\t\t\t\t\t\t\t\t<div class=\"elementor-field-group elementor-column elementor-field-type-submit elementor-col-100 e-form__buttons\">\n\t\t\t\t\t<button class=\"elementor-button elementor-size-sm\" type=\"submit\">\n\t\t\t\t\t\t<span class=\"elementor-button-content-wrapper\">\n\t\t\t\t\t\t\t\t\t\t\t\t\t\t\t\t\t\t\t\t\t\t<span class=\"elementor-button-text\">Send<\/span>\n\t\t\t\t\t\t\t\t\t\t\t\t\t<\/span>\n\t\t\t\t\t<\/button>\n\t\t\t\t<\/div>\n\t\t\t<\/div>\n\t\t<\/form>\n\t\t\t\t\t\t<\/div>\n\t\t\t\t<\/div>\n\t\t\t\t<div class=\"elementor-element elementor-element-f46f58e elementor-widget elementor-widget-spacer\" data-id=\"f46f58e\" data-element_type=\"widget\" data-e-type=\"widget\" data-widget_type=\"spacer.default\">\n\t\t\t\t<div class=\"elementor-widget-container\">\n\t\t\t\t\t\t\t<div class=\"elementor-spacer\">\n\t\t\t<div class=\"elementor-spacer-inner\"><\/div>\n\t\t<\/div>\n\t\t\t\t\t\t<\/div>\n\t\t\t\t<\/div>\n\t\t\t\t\t<\/div>\n\t\t<\/div>\n\t\t\t\t\t<\/div>\n\t\t<\/section>\n\t\t\t\t<\/div>\n\t\t","protected":false},"excerpt":{"rendered":"Viens travailler avec nous ! Emplois \u00e0 Qu\u00e9bec et St-Bruno Proludik, chef de file du divertissement au Qu\u00e9bec, recherche des candidats et candidates responsables, d\u00e9brouillards et autonomes pour l\u2019installation, le d\u00e9montage, l\u2019entretien et \u00e0 l\u2019occasion la supervision de jeux gonflables.&nbsp;Un emploi \u00e9tudiant qui te permet de faire le tour de plusieurs r\u00e9gions, travailler \u00e0 l\u2019ext\u00e9rieur [&hellip;]","protected":false},"author":1,"featured_media":0,"parent":0,"menu_order":0,"comment_status":"closed","ping_status":"closed","template":"","meta":{"ngg_post_thumbnail":0,"io_meta_description":"","footnotes":""},"class_list":["post-430","page","type-page","status-publish","hentry"],"_links":{"self":[{"href":"https:\/\/proludik.com\/montreal-fr\/wp-json\/wp\/v2\/pages\/430","targetHints":{"allow":["GET"]}}],"collection":[{"href":"https:\/\/proludik.com\/montreal-fr\/wp-json\/wp\/v2\/pages"}],"about":[{"href":"https:\/\/proludik.com\/montreal-fr\/wp-json\/wp\/v2\/types\/page"}],"author":[{"embeddable":true,"href":"https:\/\/proludik.com\/montreal-fr\/wp-json\/wp\/v2\/users\/1"}],"replies":[{"embeddable":true,"href":"https:\/\/proludik.com\/montreal-fr\/wp-json\/wp\/v2\/comments?post=430"}],"version-history":[{"count":19,"href":"https:\/\/proludik.com\/montreal-fr\/wp-json\/wp\/v2\/pages\/430\/revisions"}],"predecessor-version":[{"id":28595,"href":"https:\/\/proludik.com\/montreal-fr\/wp-json\/wp\/v2\/pages\/430\/revisions\/28595"}],"wp:attachment":[{"href":"https:\/\/proludik.com\/montreal-fr\/wp-json\/wp\/v2\/media?parent=430"}],"curies":[{"name":"wp","href":"https:\/\/api.w.org\/{rel}","templated":true}]}}